{"id":11,"date":"2012-08-07T11:23:43","date_gmt":"2012-08-07T11:23:43","guid":{"rendered":"http:\/\/rolas.home.pl\/autoinstalator\/wordpress\/?page_id=11"},"modified":"2024-10-23T21:24:36","modified_gmt":"2024-10-23T21:24:36","slug":"przepisy","status":"publish","type":"page","link":"https:\/\/www.zaparkiem.pl\/?page_id=11","title":{"rendered":"Przepisy"},"content":{"rendered":"<p><strong>Statut:<\/strong><\/p>\n<ul>\n<li><a href=\"http:\/\/www.zaparkiem.pl\/wp-content\/uploads\/2018\/09\/Statut-2018r..pdf\">Statut sp\u00f3\u0142dzielni<\/a><\/li>\n<\/ul>\n<p><strong>Regulaminy:<\/strong><\/p>\n<ul>\n<li><a href=\"http:\/\/www.zaparkiem.pl\/wp-content\/uploads\/2019\/07\/II.-1.-Regulamin-Zarz%C4%85du-Sp%C3%B3%C5%82dzielni-Mieszkaniowej-W%C5%82odarzewska-Za-Parkiem..pdf\">Regulamin Zarz\u0105du<\/a><\/li>\n<li><a href=\"http:\/\/www.zaparkiem.pl\/wp-content\/uploads\/2018\/09\/Regulamin-Rady-Nadzorczej.pdf\">Regulamin Rady Nadzorczej<\/a><\/li>\n<li><a href=\"http:\/\/www.zaparkiem.pl\/wp-content\/uploads\/2018\/09\/Regulamin-Walnego-Zgromadzenia-Cz\u0142onk\u00f3w-Sp\u00f3\u0142dzielni.pdf\">Regulamin Walnego Zgromadzenia<\/a><\/li>\n<li><a href=\"https:\/\/www.zaparkiem.pl\/wp-content\/uploads\/2024\/10\/Zasady-Przetargow-i-Konkursow.pdf\">Zasady organizowania przetarg\u00f3w<\/a><\/li>\n<li><a href=\"http:\/\/www.zaparkiem.pl\/wp-content\/uploads\/2019\/07\/II.-3.-Regulamin-Gospodarki-Zasobami-Mieszkaniowymi-S.M.-W%C5%82odarzewska-Za-Parkiem..pdf\">Regulamin Gospodarki Zasobami Mieszkaniowymi<\/a><\/li>\n<li><a href=\"https:\/\/www.zaparkiem.pl\/wp-content\/uploads\/2022\/05\/Regulamin-Zasady-uzywania-lokali-i-porzadku-domowego-tekst-jednolity.pdf\">Zasady u\u017cywania lokali i porz\u0105dku domowego<\/a><\/li>\n<li><a href=\"http:\/\/www.zaparkiem.pl\/wp-content\/uploads\/2012\/08\/Regulamin-u\u017cytkowania-miejsc-postojowo-gara\u017cowych1.pdf\">Regulamin u\u017cytkowania miejsc postojowo &#8211; gara\u017cowych<\/a><\/li>\n<li><a href=\"http:\/\/www.zaparkiem.pl\/wp-content\/uploads\/2012\/08\/Uchwala_Nr-19_RN_regulamin_parkowania.pdf\">Regulamin parkowania samochod\u00f3w i ruchu pojazd\u00f3w na terenie<\/a><\/li>\n<li><a href=\"http:\/\/www.zaparkiem.pl\/wp-content\/uploads\/2019\/07\/Regulamin-gospodarki-finansowej-S.M.-W\u0142odarzewska-Za-Parkiem..pdf\">Regulamin gospodarki finansowej S.M. W\u0142odarzewska &#8211; Za Parkiem.<\/a><\/li>\n<li><a href=\"https:\/\/www.zaparkiem.pl\/wp-content\/uploads\/2024\/04\/Regulamin-monitoringu-strona-internetowa.pdf\">Regulamin monitoringu wizyjnego w S.M. W\u0142odarzewska &#8211; Za Parkiem.<\/a><\/li>\n<li><a href=\"http:\/\/www.zaparkiem.pl\/wp-content\/uploads\/2019\/07\/Regulamin-tworzenia-i-gospodarowania-\u015brodkami-funduszu-remontowego-S.M.-W\u0142odarzewska-Za-Parkiem..pdf\">Regulamin tworzenia i gospodarowania \u015brodkami funduszu remontowego S.M. W\u0142odarzewska &#8211; Za Parkiem.<\/a><\/li>\n<li><a href=\"https:\/\/www.zaparkiem.pl\/wp-content\/uploads\/2024\/04\/Regulamin-windykacji-strona-internetowa.pdf\">Regulamin windykacji nale\u017cno\u015bci z tytu\u0142u op\u0142at za u\u017cywanie lokali w S.M. W\u0142oadzrewska &#8211; Za Parkiem.<\/a><\/li>\n<li><a href=\"https:\/\/www.zaparkiem.pl\/wp-content\/uploads\/2023\/12\/Regulamin-rozliczania-kosztow-zuzycia-centralnego-ogrzewania-i-podgrzania-wody-w-S.M.-Wlodarzewska-Za-Parkiem.pdf\">Regulamin rozliczania koszt\u00f3w zu\u017cycia centralnego ogrzewania i podgrzania wody w S.M. &#8222;W\u0142odarzewska &#8211; Za Parkiem&#8221;.<\/a><\/li>\n<\/ul>\n<p>&nbsp;<\/p>\n<p align=\"center\"><strong><span style=\"font-size: xx-small;\">Uwaga!<br \/>\nWszystkie dokumenty\u00a0 publikowane s\u0105 w formacie PDF.<br \/>\nJe\u015bli chcesz pobra\u0107 program Acrobat Reader do odczytu PDF <a href=\"http:\/\/www.adobe.com\/products\/acrobat\/readstep2_allversions.html\">KLIKNIJ!<\/a><\/span><\/strong><\/p>\n<p>&nbsp;<\/p>\n","protected":false},"excerpt":{"rendered":"<p>Statut: Statut sp\u00f3\u0142dzielni Regulaminy: Regulamin Zarz\u0105du Regulamin Rady Nadzorczej Regulamin Walnego Zgromadzenia Zasady organizowania przetarg\u00f3w Regulamin Gospodarki Zasobami Mieszkaniowymi Zasady u\u017cywania lokali i porz\u0105dku domowego Regulamin u\u017cytkowania miejsc postojowo &#8211; gara\u017cowych Regulamin parkowania samochod\u00f3w i ruchu pojazd\u00f3w na terenie Regulamin &hellip; <a href=\"https:\/\/www.zaparkiem.pl\/?page_id=11\">Czytaj dalej <span class=\"meta-nav\">&rarr;<\/span><\/a><\/p>\n","protected":false},"author":1,"featured_media":0,"parent":0,"menu_order":1,"comment_status":"closed","ping_status":"closed","template":"","meta":{"footnotes":""},"class_list":["post-11","page","type-page","status-publish","hentry"],"_links":{"self":[{"href":"https:\/\/www.zaparkiem.pl\/index.php?rest_route=\/wp\/v2\/pages\/11","targetHints":{"allow":["GET"]}}],"collection":[{"href":"https:\/\/www.zaparkiem.pl\/index.php?rest_route=\/wp\/v2\/pages"}],"about":[{"href":"https:\/\/www.zaparkiem.pl\/index.php?rest_route=\/wp\/v2\/types\/page"}],"author":[{"embeddable":true,"href":"https:\/\/www.zaparkiem.pl\/index.php?rest_route=\/wp\/v2\/users\/1"}],"replies":[{"embeddable":true,"href":"https:\/\/www.zaparkiem.pl\/index.php?rest_route=%2Fwp%2Fv2%2Fcomments&post=11"}],"version-history":[{"count":41,"href":"https:\/\/www.zaparkiem.pl\/index.php?rest_route=\/wp\/v2\/pages\/11\/revisions"}],"predecessor-version":[{"id":1149,"href":"https:\/\/www.zaparkiem.pl\/index.php?rest_route=\/wp\/v2\/pages\/11\/revisions\/1149"}],"wp:attachment":[{"href":"https:\/\/www.zaparkiem.pl\/index.php?rest_route=%2Fwp%2Fv2%2Fmedia&parent=11"}],"curies":[{"name":"wp","href":"https:\/\/api.w.org\/{rel}","templated":true}]}}