{"id":781,"date":"2025-05-14T00:38:13","date_gmt":"2025-05-14T00:38:13","guid":{"rendered":"http:\/\/www.zaparkiem.pl\/?page_id=781"},"modified":"2025-05-18T23:20:10","modified_gmt":"2025-05-18T23:20:10","slug":"walne-zgromadzenie","status":"publish","type":"page","link":"https:\/\/www.zaparkiem.pl\/?page_id=781","title":{"rendered":"Walne Zgromadzenie"},"content":{"rendered":"<!-- \/wp:post-content -->\r\n\r\n<!-- wp:paragraph -->\r\n<p><a href=\"https:\/\/www.zaparkiem.pl\/wp-content\/uploads\/2025\/05\/1.-Zawiadomienie-XIX-WZCz-Spoldzielni.pdf\">1. Zawiadomienie &#8211; XIX WZCz Sp\u00f3\u0142dzielni<\/a> <br \/><a href=\"https:\/\/www.zaparkiem.pl\/wp-content\/uploads\/2025\/05\/2.-Protokol-z-XVIII-WZCz.-z-dnia-12.-06.-2024r.pdf\">2. Protok\u00f3\u0142 z XVIII WZCz. z dnia 12. 06. 2024r.<\/a> <br \/><a href=\"https:\/\/www.zaparkiem.pl\/wp-content\/uploads\/2025\/05\/3.-Sprawozdanie-Zarzadu-na-31.12.2024-Wlodarzewska-Za-Parkiem-zalacznik.pdf\">3. Sprawozdanie Zarz\u0105du na 31.12.2024 &#8211; W\u0142odarzewska &#8211; Za Parkiem &#8211; za\u0142\u0105cznik<\/a> <br \/><a href=\"https:\/\/www.zaparkiem.pl\/wp-content\/uploads\/2025\/05\/4.-Sprawozdanie-R.N.-z-dzialalnosci-w-2024r.pdf\">4. Sprawozdanie R.N. z dzia\u0142alno\u015bci w 2024r.<\/a> <br \/><a href=\"https:\/\/www.zaparkiem.pl\/wp-content\/uploads\/2025\/05\/5.-Bilans-na-31.-12.-2024r.pdf\">5. Bilans na 31. 12. 2024r.<\/a> <br \/><a href=\"https:\/\/www.zaparkiem.pl\/wp-content\/uploads\/2025\/05\/6.-Rachunek-zyskow-i-strat-na-31.-12.-2024r.pdf\">6. Rachunek zysk\u00f3w i strat na 31. 12. 2024r.<\/a> <br \/><a href=\"https:\/\/www.zaparkiem.pl\/wp-content\/uploads\/2025\/05\/7.-Wprowadzenie-do-sprawozdania-Wlodarzewska-Za-Parkiem.pdf\">7. Wprowadzenie do sprawozdania W\u0142odarzewska-Za Parkiem<\/a> <br \/><a href=\"https:\/\/www.zaparkiem.pl\/wp-content\/uploads\/2025\/05\/8.-Dodatkowe-informacje-i-objasnienia-na-31.12.-2024r.pdf\">8. Dodatkowe informacje i obja\u015bnienia na 31.12. 2024r.<\/a> <br \/><a href=\"https:\/\/www.zaparkiem.pl\/wp-content\/uploads\/2025\/05\/9.-Uchwala-Nr-1.-WZCz-za-rok-2024.pdf\">9. Uchwa\u0142a Nr 1. WZCz &#8211; za rok 2024<\/a> <br \/><a href=\"https:\/\/www.zaparkiem.pl\/wp-content\/uploads\/2025\/05\/10.-Uchwala-Nr-2.-WZCz-za-rok-2024.pdf\">10. Uchwa\u0142a Nr 2. WZCz &#8211; za rok 2024<\/a> <br \/><a href=\"https:\/\/www.zaparkiem.pl\/wp-content\/uploads\/2025\/05\/11.-Uchwala-Nr-3.-WZCz-za-rok-2024.pdf\">11. Uchwa\u0142a Nr 3. WZCz &#8211; za rok 2024<\/a> <br \/><a href=\"https:\/\/www.zaparkiem.pl\/wp-content\/uploads\/2025\/05\/12.-Uchwala-Nr-4.-WZCz-za-rok-2024.pdf\">12. Uchwa\u0142a Nr 4. WZCz &#8211; za rok 2024<\/a> <br \/><a href=\"https:\/\/www.zaparkiem.pl\/wp-content\/uploads\/2025\/05\/13.-Uchwala-Nr-5.-WZCz-za-rok-2024.pdf\">13. Uchwa\u0142a Nr 5. WZCz &#8211; za rok 2024<\/a> <br \/><a href=\"https:\/\/www.zaparkiem.pl\/wp-content\/uploads\/2025\/05\/14.-Uchwala-Nr-6.-WZCz-za-rok-2024.pdf\">14. Uchwa\u0142a Nr 6. WZCz &#8211; za rok 2024<\/a> <br \/><a href=\"https:\/\/www.zaparkiem.pl\/wp-content\/uploads\/2025\/05\/15.-Uchwala-Nr-7-WZCz-za-rok-2024.pdf\">15. Uchwa\u0142a Nr 7 WZCz &#8211; za rok 2024<\/a> <br \/><a href=\"https:\/\/www.zaparkiem.pl\/wp-content\/uploads\/2025\/05\/16.-Uchwala-Nr-8-WZCz-fotowoltaika.pdf\">16. Uchwa\u0142a Nr 8 WZCz &#8211; fotowoltaika<\/a> <br \/><a href=\"https:\/\/www.zaparkiem.pl\/wp-content\/uploads\/2025\/05\/17.-Zarzad-realizacja-wnioskow-z-XVIII-WZCz.pdf\">17. Zarz\u0105d &#8211; realizacja wniosk\u00f3w z XVIII WZCz.<\/a> <br \/><a href=\"https:\/\/www.zaparkiem.pl\/wp-content\/uploads\/2025\/05\/18.-XIX-WZCz-Wniosek-Zarzadu-ws-sumy-zobowiazan-w-2025-roku.pdf\">18. XIX WZCz &#8211; Wniosek Zarz\u0105du ws sumy zobowi\u0105za\u0144 w 2025 roku.<\/a><\/p>\r\n<!-- \/wp:paragraph -->\r\n\r\n<!-- wp:paragraph \/-->","protected":false},"excerpt":{"rendered":"<p>1. Zawiadomienie &#8211; XIX WZCz Sp\u00f3\u0142dzielni 2. Protok\u00f3\u0142 z XVIII WZCz. z dnia 12. 06. 2024r. 3. Sprawozdanie Zarz\u0105du na 31.12.2024 &#8211; W\u0142odarzewska &#8211; Za Parkiem &#8211; za\u0142\u0105cznik 4. Sprawozdanie R.N. z dzia\u0142alno\u015bci w 2024r. 5. Bilans na 31. 12. &hellip; <a href=\"https:\/\/www.zaparkiem.pl\/?page_id=781\">Czytaj dalej <span class=\"meta-nav\">&rarr;<\/span><\/a><\/p>\n","protected":false},"author":1,"featured_media":0,"parent":0,"menu_order":0,"comment_status":"closed","ping_status":"closed","template":"","meta":{"footnotes":""},"class_list":["post-781","page","type-page","status-publish","hentry"],"_links":{"self":[{"href":"https:\/\/www.zaparkiem.pl\/index.php?rest_route=\/wp\/v2\/pages\/781","targetHints":{"allow":["GET"]}}],"collection":[{"href":"https:\/\/www.zaparkiem.pl\/index.php?rest_route=\/wp\/v2\/pages"}],"about":[{"href":"https:\/\/www.zaparkiem.pl\/index.php?rest_route=\/wp\/v2\/types\/page"}],"author":[{"embeddable":true,"href":"https:\/\/www.zaparkiem.pl\/index.php?rest_route=\/wp\/v2\/users\/1"}],"replies":[{"embeddable":true,"href":"https:\/\/www.zaparkiem.pl\/index.php?rest_route=%2Fwp%2Fv2%2Fcomments&post=781"}],"version-history":[{"count":15,"href":"https:\/\/www.zaparkiem.pl\/index.php?rest_route=\/wp\/v2\/pages\/781\/revisions"}],"predecessor-version":[{"id":1182,"href":"https:\/\/www.zaparkiem.pl\/index.php?rest_route=\/wp\/v2\/pages\/781\/revisions\/1182"}],"wp:attachment":[{"href":"https:\/\/www.zaparkiem.pl\/index.php?rest_route=%2Fwp%2Fv2%2Fmedia&parent=781"}],"curies":[{"name":"wp","href":"https:\/\/api.w.org\/{rel}","templated":true}]}}